{"id":20,"date":"2014-01-09T18:00:15","date_gmt":"2014-01-09T17:00:15","guid":{"rendered":"https:\/\/emgpr.fr\/?page_id=20"},"modified":"2019-11-14T11:33:31","modified_gmt":"2019-11-14T10:33:31","slug":"liens","status":"publish","type":"page","link":"https:\/\/emgpr.fr\/?page_id=20","title":{"rendered":"LIENS"},"content":{"rendered":"<div><img loading=\"lazy\" decoding=\"async\" class=\"aligncenter size-full wp-image-762\" src=\"https:\/\/emgpr.fr\/wp-content\/uploads\/2014\/01\/\u00e9tang.jpg\" alt=\"\u00e9tang\" width=\"985\" height=\"290\" srcset=\"https:\/\/emgpr.fr\/wp-content\/uploads\/2014\/01\/\u00e9tang.jpg 985w, https:\/\/emgpr.fr\/wp-content\/uploads\/2014\/01\/\u00e9tang-500x147.jpg 500w, https:\/\/emgpr.fr\/wp-content\/uploads\/2014\/01\/\u00e9tang-250x73.jpg 250w, https:\/\/emgpr.fr\/wp-content\/uploads\/2014\/01\/\u00e9tang-150x44.jpg 150w\" sizes=\"auto, (max-width: 985px) 100vw, 985px\" \/><\/div>\n<div class='multi-colum'><div class='short-columns column-12 '><\/p>\n<div>\n<p style=\"margin-top: 0px; text-align: center; font-size: 20px; padding: 0px 30px 5px 100px;\">LIENS<\/p>\n<\/div>\n<div>\n<p style=\"text-align: justify; padding: 0px 30px 5px 100px;\"><strong>Une exp\u00e9rience :<\/strong> prendre un cours d\u2019un instrument que l\u2019on aime.<\/p>\n<\/div>\n<div>\n<p style=\"text-align: justify; padding: 0px 30px 5px 100px;\"><strong>Un comportement :<\/strong> \u00e9couter la musique surtout apr\u00e8s avoir pris des cours d\u2019instruments. Voir comment les musiciens jouent avec le mat\u00e9riau musical. Vous y trouverez ce que vous aimez ou pas et en serez de toute fa\u00e7on inspir\u00e9s. Par exemple certaines musiques africaines, indiennes se r\u00e9v\u00e8lent des tr\u00e9sors de joie. A vous de cherchez un peu en partant des instruments utilis\u00e9s respectivement comme la Kora en Afrique ou le Sitar et le Tampura en Inde.<\/p>\n<\/div>\n<div>\n<p style=\"text-align: justify; padding: 0px 30px 5px 100px;\"><strong>Une attitude : <\/strong> m\u00eame la musique classique est une exp\u00e9rience enrichissante, c\u2019est l\u2019apparat qu\u2019il y a autour qui la rend inaccessible alors qu\u2019une bonne oeuvre bien interpr\u00e9t\u00e9e transporte. Mais attention mal jou\u00e9, \u00e7a n\u2019a aucun int\u00e9r\u00eat. A consulter \u00ab&nbsp;Le livre de la musique classique pour les nuls&nbsp;\u00bb qui permet de conna\u00eetre l\u2019histoire de la musique occidentale, de ses compositeurs et de leur oeuvres majeures. Un guide essentiel pour se constituer une discoth\u00e8que personnelle parmi toutes les formes musicales.<\/p>\n<\/div>\n<div>\n<p style=\"text-align: justify; padding: 10px 30px 5px 100px;\"><strong>Un documentaire :<\/strong> \u00ab&nbsp;Other Worlds&nbsp;\u00bb de Jan Kounen sur le chamanisme p\u00e9ruvien et les exp\u00e9riences \u00e0 l\u2019Ayahuasca ou la rencontre avec soi-m\u00eame.<\/p>\n<\/div>\n<div>\n<p style=\"text-align: justify; padding: 10px 30px 0px 100px;\"><img loading=\"lazy\" decoding=\"async\" class=\" wp-image-785 alignnone\" src=\"https:\/\/emgpr.fr\/wp-content\/uploads\/2014\/01\/other_world_posters600x6001.jpg\" alt=\"other_world_poster~s600x600\" width=\"450\" height=\"673\" srcset=\"https:\/\/emgpr.fr\/wp-content\/uploads\/2014\/01\/other_world_posters600x6001.jpg 450w, https:\/\/emgpr.fr\/wp-content\/uploads\/2014\/01\/other_world_posters600x6001-250x373.jpg 250w, https:\/\/emgpr.fr\/wp-content\/uploads\/2014\/01\/other_world_posters600x6001-100x150.jpg 100w\" sizes=\"auto, (max-width: 450px) 100vw, 450px\" \/><\/p>\n<\/div>\n<div>\n<p style=\"padding: 00px 30px 10px 100px; text-decoration: underline; text-align: left;\"><a title=\"par mail !\" href=\"https:\/\/emgpr.fr\/?page_id=24\"><br \/>N\u2019h\u00e9sitez pas \u00e0 me contacter si vous avez des questions !<\/a><\/p>\n<\/div>\n<p><\/div><div class='short-columns column-12 '><\/p>\n<div>\n<p style=\"margin-top: 0px; text-align: center; font-size: 20px; padding: 0px 100px 5px 30px;\">LINKS<\/p>\n<\/div>\n<div>\n<p style=\"text-align: justify; padding: 0px 100px 25px 30px;\"><strong>An experiment :<\/strong> take a course of an instrument that you love.<\/p>\n<\/div>\n<div>\n<p style=\"text-align: justify; center; padding-top: 0px; padding-left: 30px; padding-right: 100px; padding-bottom: 45px;\"><strong>A behavior :<\/strong> listening to music, especially after playing instruments. See how the musicians play with the musical material. You will find what you like or not and be inspired anyway . For example, some African, Indian music are joy treasures. Look for music with instruments used respectively as the Kora in Africa or the Sitar and Tampura India.<\/p>\n<\/div>\n<div>\n<p style=\"text-align: justify; padding: 0px 100px 20px 30px;\"><strong>An attitude :<\/strong> even classical music is a rewarding experience, it is just the form around that make inaccessible while properly interpreted a good work carries . But beware badly played music, it has no interest. A book to read \u00ab\u00a0The Book of Classical Music for Dummies\u00a0\u00bb which lets you know the history of European music, its composers and their major works. An essential guide to build up a personal discoth\u00e8que.<\/p>\n<p style=\"text-align: justify; padding: 0px 100px 10px 30px;\"><strong style=\"font-size: inherit;\">A documentary :<\/strong><span style=\"font-size: inherit;\"> \u00ab\u00a0Other Worlds\u00a0\u00bb by Jan Kounen on Peruvian shamanism and experiences with ayahuasca or the encounter with oneself. (movie poster above against)<\/span><\/p>\n<\/div>\n<div>\n<p style=\"text-align: justify; padding: 0px 100px 10px 30px;\"><img loading=\"lazy\" decoding=\"async\" class=\"alignleft size-full wp-image-831\" style=\"font-size: inherit;\" src=\"https:\/\/emgpr.fr\/wp-content\/uploads\/2014\/01\/s\u00e9quoia2.jpg\" alt=\"s\u00e9quoia2\" width=\"450\" height=\"673\" srcset=\"https:\/\/emgpr.fr\/wp-content\/uploads\/2014\/01\/s\u00e9quoia2.jpg 450w, https:\/\/emgpr.fr\/wp-content\/uploads\/2014\/01\/s\u00e9quoia2-250x373.jpg 250w, https:\/\/emgpr.fr\/wp-content\/uploads\/2014\/01\/s\u00e9quoia2-100x150.jpg 100w\" sizes=\"auto, (max-width: 450px) 100vw, 450px\" \/><\/p>\n<\/div>\n<div>\n<p style=\"padding: 690px 30px 10px 30px; text-decoration: underline; text-align: left;\"><a title=\"par mail !\" href=\"https:\/\/emgpr.fr\/?page_id=24\">Do not hesitate to contact me if you have any questions<\/a><\/p>\n<\/div>\n<p><\/div> <\/div>\n\n\n<p><\/p>\n","protected":false},"excerpt":{"rendered":"","protected":false},"author":1,"featured_media":0,"parent":0,"menu_order":0,"comment_status":"closed","ping_status":"closed","template":"","meta":{"footnotes":""},"class_list":["post-20","page","type-page","status-publish","hentry"],"_links":{"self":[{"href":"https:\/\/emgpr.fr\/index.php?rest_route=\/wp\/v2\/pages\/20","targetHints":{"allow":["GET"]}}],"collection":[{"href":"https:\/\/emgpr.fr\/index.php?rest_route=\/wp\/v2\/pages"}],"about":[{"href":"https:\/\/emgpr.fr\/index.php?rest_route=\/wp\/v2\/types\/page"}],"author":[{"embeddable":true,"href":"https:\/\/emgpr.fr\/index.php?rest_route=\/wp\/v2\/users\/1"}],"replies":[{"embeddable":true,"href":"https:\/\/emgpr.fr\/index.php?rest_route=%2Fwp%2Fv2%2Fcomments&post=20"}],"version-history":[{"count":200,"href":"https:\/\/emgpr.fr\/index.php?rest_route=\/wp\/v2\/pages\/20\/revisions"}],"predecessor-version":[{"id":949,"href":"https:\/\/emgpr.fr\/index.php?rest_route=\/wp\/v2\/pages\/20\/revisions\/949"}],"wp:attachment":[{"href":"https:\/\/emgpr.fr\/index.php?rest_route=%2Fwp%2Fv2%2Fmedia&parent=20"}],"curies":[{"name":"wp","href":"https:\/\/api.w.org\/{rel}","templated":true}]}}