{"id":14,"date":"2014-01-09T17:56:06","date_gmt":"2014-01-09T16:56:06","guid":{"rendered":"https:\/\/emgpr.fr\/?page_id=14"},"modified":"2014-01-27T18:19:16","modified_gmt":"2014-01-27T17:19:16","slug":"bio","status":"publish","type":"page","link":"https:\/\/emgpr.fr\/?page_id=14","title":{"rendered":"A propos"},"content":{"rendered":"<div class='multi-colum'><div class='short-columns column-12 '> <\/p>\n<p style=\" margin-top: 0px; padding-left: 100px; padding-right: 30px; padding-bottom: 5px;padding-top: 0px;text-align: center;font-size:20px;\"> \u00c0 PROPOS<\/p>\n<p style=\"text-align: justify; margin-top: 20px; padding-left: 100px; padding-right: 30px; padding-bottom: 5px;\">Bonjour, je m\u2019appelle Guillaume et c\u2019est une exp\u00e9rience musicale que je vous propose de d\u00e9couvrir. Ce site pr\u00e9sente l\u2019\u00e9coute de plusieurs genres musicaux diff\u00e9rents.<\/p>\n<p style=\"text-align: justify; padding-top: 0px; padding-left: 100px; padding-right: 30px; padding-bottom: 5px;\">A un genre musical correspond un type d\u2019\u00e9motion particuli\u00e8re. A plusieurs genres musicaux correspondent l\u2019ensemble des \u00e9motions humaines.<\/p>\n<p style=\"text-align: justify; padding-top: 0px; padding-left: 100px; padding-right: 30px; padding-bottom: 5px;\">Car je suis convaincu que le bio-rythme ne se limite pas \u00e0 un genre. Parfois il est tranquille, \u00e9nergique, triste ou joyeux\u2026<\/p>\n<p style=\"text-align: justify; padding-top: 0px; padding-left: 100px; padding-right: 30px; padding-bottom: 5px;\">Et finalement pour moi tout ces genres musicaux sont l\u2019image des variations du vivant.<\/p>\n<p style=\"text-align: justify; padding-top: 0px; padding-left: 100px; padding-right: 30px; padding-bottom: 5px;\">Les \u00e9coutes propos\u00e9es sont des morceaux issus de mon chemin de vie. Ce sont des musiques qui demeurent dans ma discoth\u00e8que et que je prends toujours plaisir \u00e0 \u00e9couter. Et c\u2019est avec joie que je les partage avec vous.<\/p>\n<p style=\"text-align: justify; padding-top: 0px; padding-left: 100px; padding-right: 30px; padding-bottom: 5px;\">Bonne \u00e9coute<\/p>\n<p><\/div> <\/p>\n<p><div class='short-columns column-12 '><\/p>\n<p style=\" margin-top: 0px; padding-left: 30px; padding-right: 100px; padding-bottom: 5px;padding-top: 0px;text-align: center;font-size:20px;\"> ABOUT <\/p>\n<p style=\"text-align: justify; margin-top: 20px; padding-left: 30px; padding-right: 100px; padding-bottom: 5px;\">Hello, my name is Guillaume, and it is a musical experience that I propose you to discover. This site present the listening of many different styles of music.<\/p>\n<p style=\"text-align: justify; padding-top: 0px; padding-left: 30px; padding-right: 100px; padding-bottom: 5px;\">A music style has a particular type of emotion. A variety of musical styles embrace all human emotions. <\/p>\n<p style=\"text-align: justify; padding-top: 0px; padding-left: 30px; padding-right: 100px; padding-bottom: 5px;\">Because I am convinced that bio-rhythm is not limited to one style. Sometimes it is quiet, energetic, sad or happy&#8230; <\/p>\n<p style=\"text-align: justify;center; padding-top: 0px; padding-left: 30px; padding-right: 100px; padding-bottom: 5px;\">And finally for me all these styles are the image of the living variations. <\/p>\n<p style=\"text-align: justify;center; padding-top: 0px; padding-left: 30px; padding-right: 100px; padding-bottom: 5px;\">The tracks available come from my life path. I still listen these songs sometimes which compose my discotheque. And it is with joy that I share them with you.<\/p>\n<p style=\"text-align: justify; padding-top: 0px; padding-left: 30px; padding-right: 100px; padding-bottom: 5px;\">Good listening &#8230;<\/p>\n<p><\/div> <\/div>\n","protected":false},"excerpt":{"rendered":"","protected":false},"author":1,"featured_media":0,"parent":0,"menu_order":0,"comment_status":"closed","ping_status":"closed","template":"","meta":{"footnotes":""},"class_list":["post-14","page","type-page","status-publish","hentry"],"_links":{"self":[{"href":"https:\/\/emgpr.fr\/index.php?rest_route=\/wp\/v2\/pages\/14","targetHints":{"allow":["GET"]}}],"collection":[{"href":"https:\/\/emgpr.fr\/index.php?rest_route=\/wp\/v2\/pages"}],"about":[{"href":"https:\/\/emgpr.fr\/index.php?rest_route=\/wp\/v2\/types\/page"}],"author":[{"embeddable":true,"href":"https:\/\/emgpr.fr\/index.php?rest_route=\/wp\/v2\/users\/1"}],"replies":[{"embeddable":true,"href":"https:\/\/emgpr.fr\/index.php?rest_route=%2Fwp%2Fv2%2Fcomments&post=14"}],"version-history":[{"count":105,"href":"https:\/\/emgpr.fr\/index.php?rest_route=\/wp\/v2\/pages\/14\/revisions"}],"predecessor-version":[{"id":756,"href":"https:\/\/emgpr.fr\/index.php?rest_route=\/wp\/v2\/pages\/14\/revisions\/756"}],"wp:attachment":[{"href":"https:\/\/emgpr.fr\/index.php?rest_route=%2Fwp%2Fv2%2Fmedia&parent=14"}],"curies":[{"name":"wp","href":"https:\/\/api.w.org\/{rel}","templated":true}]}}